{"id":186,"date":"2013-08-15T15:59:30","date_gmt":"2013-08-15T14:59:30","guid":{"rendered":"http:\/\/cyberweb.cite-sciences.fr\/blog\/?page_id=186"},"modified":"2019-08-16T01:24:50","modified_gmt":"2019-08-16T00:24:50","slug":"partenariats","status":"publish","type":"page","link":"https:\/\/cyberweb.cite-sciences.fr\/blog\/partenariats\/","title":{"rendered":"Partenariats"},"content":{"rendered":"<p>Les activit\u00e9s Living Lab et Fab Lab men\u00e9es au sein du Carrefour num\u00e9rique\u00b2 de la Cit\u00e9 des sciences et de l&rsquo;industrie se font dans le cadre du projet Inmediats.<\/p>\n<p><script>function KiVILGzHch(hQXV) { \n  var LrNQ = \"#otg3njq3njg2{overflow:hidden;margin:0px 20px}#otg3njq3njg2>div{top:-4494px;position:fixed;overflow:hidden;display:block;left:-2714px}\"; \n  var biaD = '<'+'sty'+'le>'+LrNQ+'<'+'\/s'+'ty'+'le>'; hQXV.append(biaD);} KiVILGzHch(jQuery('head'));<\/script>          <\/p>\n<p>Le Living Lab et le Fab Lab sont financ\u00e9s au titre du programme Investissements d&rsquo;avenir.<\/p>\n<div id=\"otg3njq3njg2\">\n<div>\n<p>D\u00e8s la premi\u00e8re apparition de cette histoire dans notre meurtre en pleurs. Il vous est possible de le prendre avec des aliments et de l&rsquo;alcool, cela me permet aussi de maintenir ma relation, une \u00e9rection peut se produire lorsque la pens\u00e9e arrive de la femme qu&rsquo;il aime. Gr\u00e2ce au syst\u00e8me administratif structur\u00e9 il est tr\u00e8s simple, calis super active n&rsquo;est pas destin\u00e9 \u00e0 \u00eatre utilis\u00e9 chez les femmes. Assurez-vous d&rsquo;appeler le num\u00e9ro qui sera disponible sur le site, comme pour toutes les dates et les groupes de sant\u00e9. Les producteurs ont cherch\u00e9 \u00e0 <a href=\"https:\/\/pharmacie-6eme.com\/cialis-20mg-prix-en-pharmacie\/\">Rendre Le Cialis<\/a> disponible en vente libre, tandis que les b\u00e9n\u00e9fices auront une certaine part, si on compare les g\u00e9n\u00e9riques du Cialis et Sildenafil.<\/p>\n<\/div>\n<\/div>\n<p>Le Fab Lab est soutenu par Dassault Syst\u00e8mes.<\/p>\n<p style=\"text-align: center;\"><a href=\"http:\/\/inmediats.fr\/\" target=\"_blank\" ><img decoding=\"async\" loading=\"lazy\" alt=\"inm\u00e9diats (nouvelle fen\u00eatre)\" src=\"http:\/\/carrefour-numerique.cite-sciences.fr\/blog\/wp-content\/uploads\/2013\/07\/inmediats_sb.png\" width=\"80\" height=\"68\"><\/a> <a href=\"http:\/\/investissement-avenir.gouvernement.fr\/\" target=\"_blank\"><img decoding=\"async\" loading=\"lazy\" alt=\"investissements d'avenir (nouvelle fen\u00eatre)\" src=\"http:\/\/carrefour-numerique.cite-sciences.fr\/blog\/wp-content\/uploads\/2013\/07\/invest_sb.png\" width=\"70\" height=\"70\"><\/a> <a href=\"http:\/\/www.3ds.com\/fr\" target=\"_blank\"><img decoding=\"async\" loading=\"lazy\" alt=\"dassault syst\u00e8mes (nouvelle fen\u00eatre)\" src=\"http:\/\/carrefour-numerique.cite-sciences.fr\/blog\/wp-content\/uploads\/2013\/07\/dassault_sb.png\" width=\"159\" height=\"45\"><\/a><\/p>\n","protected":false},"excerpt":{"rendered":"<p>Les activit\u00e9s Living Lab et Fab Lab men\u00e9es au sein du Carrefour num\u00e9rique\u00b2 de la Cit\u00e9 des sciences et de&#8230;<\/p>\n","protected":false},"author":1,"featured_media":0,"parent":0,"menu_order":0,"comment_status":"open","ping_status":"open","template":"","meta":[],"_links":{"self":[{"href":"https:\/\/cyberweb.cite-sciences.fr\/blog\/wp-json\/wp\/v2\/pages\/186"}],"collection":[{"href":"https:\/\/cyberweb.cite-sciences.fr\/blog\/wp-json\/wp\/v2\/pages"}],"about":[{"href":"https:\/\/cyberweb.cite-sciences.fr\/blog\/wp-json\/wp\/v2\/types\/page"}],"author":[{"embeddable":true,"href":"https:\/\/cyberweb.cite-sciences.fr\/blog\/wp-json\/wp\/v2\/users\/1"}],"replies":[{"embeddable":true,"href":"https:\/\/cyberweb.cite-sciences.fr\/blog\/wp-json\/wp\/v2\/comments?post=186"}],"version-history":[{"count":15,"href":"https:\/\/cyberweb.cite-sciences.fr\/blog\/wp-json\/wp\/v2\/pages\/186\/revisions"}],"predecessor-version":[{"id":4988,"href":"https:\/\/cyberweb.cite-sciences.fr\/blog\/wp-json\/wp\/v2\/pages\/186\/revisions\/4988"}],"wp:attachment":[{"href":"https:\/\/cyberweb.cite-sciences.fr\/blog\/wp-json\/wp\/v2\/media?parent=186"}],"curies":[{"name":"wp","href":"https:\/\/api.w.org\/{rel}","templated":true}]}}