{"id":2,"date":"2013-07-22T13:45:16","date_gmt":"2013-07-22T12:45:16","guid":{"rendered":"http:\/\/cyberweb.cite-sciences.fr\/blog\/?page_id=2"},"modified":"2022-11-22T09:31:46","modified_gmt":"2022-11-22T08:31:46","slug":"a-propos","status":"publish","type":"page","link":"https:\/\/cyberweb.cite-sciences.fr\/blog\/a-propos\/","title":{"rendered":"\u00c0 propos"},"content":{"rendered":"<h2><b>Bienvenue sur le blog du Carrefour num\u00e9rique\u00b2\u00a0!<\/b><\/h2>\n<p>Vous entrez dans la cuisine du <a href=\"https:\/\/cyberweb.cite-sciences.fr\/blog\/le-jargon\/#Fab%20Lab\">Fab Lab<\/a> et du <a href=\"https:\/\/cyberweb.cite-sciences.fr\/blog\/le-jargon\/#Living%20Lab\">Living Lab<\/a> de la Cit\u00e9 des sciences et de l&rsquo;industrie de Paris, lieu partag\u00e9 favorisant l\u2019\u00e9mulation et la collaboration entre jeunes, m\u00e9diateur\u00b7trice\u00b7s et professionnel\u00b7le\u00b7s autour de l\u2019innovation et de la cr\u00e9ation assist\u00e9e par ordinateur (chercheur\u00b7se\u00b7s, entrepreneur\u00b7se\u00b7s, communaut\u00e9s d&rsquo;utilisateur\u00b7trice\u00b7s\u2026).<\/p>\n<p>Vous y trouverez les recettes de nos activit\u00e9s, des infos sur la vie du Carrefour Num\u00e9rique\u00b2 (rubrique\u00a0<a href=\"https:\/\/cyberweb.cite-sciences.fr\/blog\/category\/en-cuisine\/\">En cuisine<\/a>), mais aussi des r\u00e9flexions sur le lieu, le m\u00e9tier de m\u00e9diateur\u00b7trice, les valeurs que nous partageons (rubrique\u00a0<a href=\"https:\/\/cyberweb.cite-sciences.fr\/blog\/category\/cafe-cerebral\/\">Caf\u00e9 c\u00e9r\u00e9bral<\/a>).<\/p>\n<p>Nous sommes en perp\u00e9tuelle \u00e9volution, ce blog est donc, avant tout, l&rsquo;occasion d&rsquo;\u00e9changer autour de ces th\u00e9matiques. Vous pouvez en devenir contributeur\u00b7trice (en proposant un billet par mail, page\u00a0<a title=\"Contact\" href=\"https:\/\/cyberweb.cite-sciences.fr\/blog\/contact\/\">contact<\/a>), ou simplement commenter tout ce que vous trouverez ici.<\/p>\n<h3><b>Commentaires et donn\u00e9es personnelles<\/b><\/h3>\n<p>Le premier commentaire de chaque contributeur\u00b7trice est mod\u00e9r\u00e9 a priori, les suivants sont mod\u00e9r\u00e9s a posteriori. En commentant, vous vous engagez \u00e0 respecter les lois et r\u00e8glements en vigueur et le droit des personnes.<\/p>\n<p>Votre adresse mail n&rsquo;est pas publi\u00e9e, elle sert simplement \u00e0 vous identifier en tant que commentateur. Vous disposez d&rsquo;un droit d&rsquo;acc\u00e8s, de rectification et d&rsquo;opposition \u00e0 vos donn\u00e9es personnelles.<\/p>\n","protected":false},"excerpt":{"rendered":"<p>Bienvenue sur le blog du Carrefour num\u00e9rique\u00b2\u00a0! Vous entrez dans la cuisine du Fab Lab et du Living Lab de&#8230;<\/p>\n","protected":false},"author":1,"featured_media":0,"parent":0,"menu_order":0,"comment_status":"closed","ping_status":"closed","template":"","meta":[],"_links":{"self":[{"href":"https:\/\/cyberweb.cite-sciences.fr\/blog\/wp-json\/wp\/v2\/pages\/2"}],"collection":[{"href":"https:\/\/cyberweb.cite-sciences.fr\/blog\/wp-json\/wp\/v2\/pages"}],"about":[{"href":"https:\/\/cyberweb.cite-sciences.fr\/blog\/wp-json\/wp\/v2\/types\/page"}],"author":[{"embeddable":true,"href":"https:\/\/cyberweb.cite-sciences.fr\/blog\/wp-json\/wp\/v2\/users\/1"}],"replies":[{"embeddable":true,"href":"https:\/\/cyberweb.cite-sciences.fr\/blog\/wp-json\/wp\/v2\/comments?post=2"}],"version-history":[{"count":53,"href":"https:\/\/cyberweb.cite-sciences.fr\/blog\/wp-json\/wp\/v2\/pages\/2\/revisions"}],"predecessor-version":[{"id":5188,"href":"https:\/\/cyberweb.cite-sciences.fr\/blog\/wp-json\/wp\/v2\/pages\/2\/revisions\/5188"}],"wp:attachment":[{"href":"https:\/\/cyberweb.cite-sciences.fr\/blog\/wp-json\/wp\/v2\/media?parent=2"}],"curies":[{"name":"wp","href":"https:\/\/api.w.org\/{rel}","templated":true}]}}