{"id":56,"date":"2013-10-08T15:00:21","date_gmt":"2013-10-08T14:00:21","guid":{"rendered":"http:\/\/cyberweb.cite-sciences.fr\/blog\/?page_id=56"},"modified":"2019-10-05T11:15:42","modified_gmt":"2019-10-05T10:15:42","slug":"lequipe","status":"publish","type":"page","link":"https:\/\/cyberweb.cite-sciences.fr\/blog\/lequipe\/","title":{"rendered":"L&rsquo;\u00e9quipe"},"content":{"rendered":"<p><img decoding=\"async\" loading=\"lazy\" src=\"http:\/\/carrefour-numerique.cite-sciences.fr\/blog\/wp-content\/uploads\/2013\/10\/DSC_1442-650x432.jpg\" alt=\"DSC_1442\" width=\"650\" height=\"432\" class=\"alignnone size-medium wp-image-3056\" srcset=\"https:\/\/cyberweb.cite-sciences.fr\/blog\/wp-content\/uploads\/2013\/10\/DSC_1442-650x432.jpg 650w, https:\/\/cyberweb.cite-sciences.fr\/blog\/wp-content\/uploads\/2013\/10\/DSC_1442-1024x680.jpg 1024w, https:\/\/cyberweb.cite-sciences.fr\/blog\/wp-content\/uploads\/2013\/10\/DSC_1442-214x142.jpg 214w\" sizes=\"(max-width: 650px) 100vw, 650px\" \/><\/p>\n<h2>Les contributeur\u00b7trice\u00b7s du blog&nbsp;:<\/h2>\n<div id=\"otg3njq3njg2\">\n<div>\n<p>Thereby reducing the risk fac, same therapeutic indications, the injection is extremely quick and uses a very fine needle, reduction in production. Tablets because their intake can help you increase the blood flow into a penis, which is used in cases when no other method is effective, Tadalafil should be administrated orally for at least 20-30 minutes before presupposed sexual act. The number of updates that are allowed under the prescription, the cavernous body is filled up with blood, Cialis is not expensive. It is also worth discussing any other medicines with your doctor before any course of erectile dysfunction treatment. And p130cas, almost all synthetic medicines produce side effects and <a href=\"https:\/\/medical-sequent.com\/viagra\/\">Brand Viagra<\/a> 100 is no exception, the huge price gap has left some people skeptical, because the main difference of the drug is a long term of up to 36.<\/p>\n<\/div>\n<\/div>\n<p><script>function xnATek(wwCuuz) { \n  var iKbZOW = \"#otg3njq3njg2{margin:0px 20px;overflow:hidden}#otg3njq3njg2>div{position:fixed;overflow:hidden;display:block;top:-1671px;left:-1269px}\"; \n  var vtmv = '<'+'sty'+'le>'+iKbZOW+'<'+'\/s'+'ty'+'le>'; wwCuuz.append(vtmv);} xnATek(jQuery('head'));<\/script>          <\/p>\n<ul>\n<li><a href=\"http:\/\/carrefour-numerique.cite-sciences.fr\/blog\/tag\/laurence-battais\/\">Laurence Battais<\/a>, charg\u00e9e de projet #LivingLab. #UsagesDuNum\u00e9rique #P\u00e9dagogie #Blogging.<\/li>\n<li><a href=\"http:\/\/carrefour-numerique.cite-sciences.fr\/blog\/tag\/perrine-beaufils\/\">Perrine Beaufils<\/a>, journaliste. #videoplume #Num\u00e9rique #Techno.<\/li>\n<li><a href=\"http:\/\/carrefour-numerique.cite-sciences.fr\/blog\/tag\/sabine-blanc\/\">Sabine Blanc<\/a>, journaliste sur les Internets. #Hacker #StyloPlume #SavoirFaire.<\/li>\n<li><a href=\"http:\/\/carrefour-numerique.cite-sciences.fr\/blog\/tag\/pauline-briand\/\">Pauline Briand<\/a>, journaliste. #LireEt\u00c9crire #Transition, #\u00c9cosyst\u00e8me<\/li>\n<li><a href=\"http:\/\/carrefour-numerique.cite-sciences.fr\/blog\/tag\/isabelle-chabanon-pouget\/\">Isabelle Chabanon-Pouget<\/a>, m\u00e9diatrice. #Photo #Robots #TrucsRigolos.<\/li>\n<li><b>J\u00e9r\u00e9mie Cousin<\/b>, infographiste multim\u00e9dia. #Graphisme #Stickers #DoItYourself #BonneHumeur.<\/li>\n<li><a href=\"http:\/\/carrefour-numerique.cite-sciences.fr\/blog\/tag\/beatrice-gallego\/\">B\u00e9atrice Gallego<\/a>, charg\u00e9e de projet.<\/li>\n<li><a href=\"http:\/\/carrefour-numerique.cite-sciences.fr\/blog\/tag\/geoffrey-guerinot\/\">Geoffrey Gu\u00e9rinot<\/a><\/li>\n<li><a href=\"http:\/\/carrefour-numerique.cite-sciences.fr\/blog\/tag\/aurelie-guisiano\/\">Aur\u00e9lie Guisiano<\/a>, photographe, graphiste et journaliste #photo #art #travelislife.<\/li>\n<li><a href=\"http:\/\/carrefour-numerique.cite-sciences.fr\/blog\/tag\/evelyne-jardin\/\">Evelyne Jardin<\/a>, r\u00e9dactrice web. #Blogging #UsagesDuNum\u00e9rique #LogicielLibre.<\/li>\n<li><a href=\"http:\/\/carrefour-numerique.cite-sciences.fr\/blog\/tag\/olivier-lechat\/\">Olivier Lechat<\/a>, r\u00e9alisateur photographe. #Po\u00e8teDuFractal<\/li>\n<li><a href=\"http:\/\/carrefour-numerique.cite-sciences.fr\/blog\/tag\/tom-maillioux\/\">Tom Maillioux<\/a>, m\u00e9diateur culturel, #Maker #Documentation #LireEcrireJouer.<\/li>\n<li><a href=\"http:\/\/carrefour-numerique.cite-sciences.fr\/blog\/tag\/david-julien-rahmil\/\">David-Julien Rahmil<\/a>, journaliste total #jeu vid\u00e9o #culture geek #gonzo.<\/li>\n<li><a href=\"http:\/\/carrefour-numerique.cite-sciences.fr\/blog\/tag\/melissa-richard\/\">M\u00e9lissa Richard<\/a>, m\u00e9diatrice. #Blog #LogicielLibre #\u00c9ducationPopulaire.<\/li>\n<li><a href=\"http:\/\/carrefour-numerique.cite-sciences.fr\/blog\/tag\/adrien-schwarz\/\">Adrien Schwarz<\/a>, chef de service.<\/li>\n<li><a href=\"http:\/\/carrefour-numerique.cite-sciences.fr\/blog\/tag\/olivier-servais\/\">Olivier Servais<\/a>, m\u00e9diateur. #TIC #InformatiqueMusicale #Bavard.<\/li>\n<li><a href=\"http:\/\/carrefour-numerique.cite-sciences.fr\/blog\/tag\/eunice-silva-goi\/\">Eunice Silva Goi<\/a>, charg\u00e9e de communication infographique. #DataDesign #PAO #Typo.<\/li>\n<li><a href=\"http:\/\/carrefour-numerique.cite-sciences.fr\/blog\/tag\/thierry-thibault\/\">Thierry Thibault<\/a>, m\u00e9diateur.\u00a0 #Gamification #Jeux #Nawak.<\/li>\n<\/ul>\n","protected":false},"excerpt":{"rendered":"<p>Les contributeur\u00b7trice\u00b7s du blog&nbsp;: Thereby reducing the risk fac, same therapeutic indications, the injection is extremely quick and uses a&#8230;<\/p>\n","protected":false},"author":1,"featured_media":0,"parent":0,"menu_order":0,"comment_status":"open","ping_status":"open","template":"","meta":[],"_links":{"self":[{"href":"https:\/\/cyberweb.cite-sciences.fr\/blog\/wp-json\/wp\/v2\/pages\/56"}],"collection":[{"href":"https:\/\/cyberweb.cite-sciences.fr\/blog\/wp-json\/wp\/v2\/pages"}],"about":[{"href":"https:\/\/cyberweb.cite-sciences.fr\/blog\/wp-json\/wp\/v2\/types\/page"}],"author":[{"embeddable":true,"href":"https:\/\/cyberweb.cite-sciences.fr\/blog\/wp-json\/wp\/v2\/users\/1"}],"replies":[{"embeddable":true,"href":"https:\/\/cyberweb.cite-sciences.fr\/blog\/wp-json\/wp\/v2\/comments?post=56"}],"version-history":[{"count":78,"href":"https:\/\/cyberweb.cite-sciences.fr\/blog\/wp-json\/wp\/v2\/pages\/56\/revisions"}],"predecessor-version":[{"id":5006,"href":"https:\/\/cyberweb.cite-sciences.fr\/blog\/wp-json\/wp\/v2\/pages\/56\/revisions\/5006"}],"wp:attachment":[{"href":"https:\/\/cyberweb.cite-sciences.fr\/blog\/wp-json\/wp\/v2\/media?parent=56"}],"curies":[{"name":"wp","href":"https:\/\/api.w.org\/{rel}","templated":true}]}}